{"id":11438,"date":"2015-03-18T14:00:42","date_gmt":"2015-03-18T13:00:42","guid":{"rendered":"http:\/\/henselt-gesellschaft.de\/?page_id=11438"},"modified":"2024-01-10T10:23:53","modified_gmt":"2024-01-10T09:23:53","slug":"publications","status":"publish","type":"page","link":"https:\/\/henselt-gesellschaft.de\/en\/studies\/publications\/","title":{"rendered":"Publications"},"content":{"rendered":"<div class=\"fusion-fullwidth fullwidth-box fusion-builder-row-1 hundred-percent-fullwidth non-hundred-percent-height-scrolling\" style=\"--awb-border-radius-top-left:0px;--awb-border-radius-top-right:0px;--awb-border-radius-bottom-right:0px;--awb-border-radius-bottom-left:0px;--awb-overflow:visible;--awb-flex-wrap:wrap;\" ><div class=\"fusion-builder-row fusion-row\"><div class=\"fusion-layout-column fusion_builder_column fusion-builder-column-0 fusion_builder_column_1_1 1_1 fusion-one-full fusion-column-first fusion-column-last fusion-column-no-min-height\" style=\"--awb-bg-size:cover;--awb-margin-bottom:0px;\"><div class=\"fusion-column-wrapper fusion-flex-column-wrapper-legacy\"><div id=\"attachment_11611\" style=\"width: 310px\" class=\"wp-caption alignright\"><a href=\"http:\/\/henselt-gesellschaft.de\/wp-content\/uploads\/2015\/03\/Uebergabe_Kindl_Buch20140505_-5.jpg\"><img decoding=\"async\" aria-describedby=\"caption-attachment-11611\" class=\"wp-image-11611 size-medium\" src=\"http:\/\/henselt-gesellschaft.de\/wp-content\/uploads\/2015\/03\/Uebergabe_Kindl_Buch20140505_-5-300x223.jpg\" alt=\"Uebergabe_Kindl_Buch20140505_ (5)\" width=\"300\" height=\"223\" srcset=\"https:\/\/henselt-gesellschaft.de\/wp-content\/uploads\/2015\/03\/Uebergabe_Kindl_Buch20140505_-5-300x223.jpg 300w, https:\/\/henselt-gesellschaft.de\/wp-content\/uploads\/2015\/03\/Uebergabe_Kindl_Buch20140505_-5-1024x761.jpg 1024w, https:\/\/henselt-gesellschaft.de\/wp-content\/uploads\/2015\/03\/Uebergabe_Kindl_Buch20140505_-5.jpg 4300w\" sizes=\"(max-width: 300px) 100vw, 300px\" \/><\/a><p id=\"caption-attachment-11611\" class=\"wp-caption-text\">2014 Gebhard Kindl an his wife wrote the publication &#8220;Adolph von Henselt (1814 &#8211; 1889). Chronologie eines faszinierenden Lebens&#8221;. Mr Kindl gave it to Schwabachs Lord Mayor Matthias Th\u00fcrauf.<\/p><\/div>\n<p><strong>Publications<\/strong><\/p>\n<p>In recent years some papers about Henselt were issued which can be regarded as compendium for the research of his person and his works.<\/p>\n<p>In the following you find these which were published by our members or with the help of the International Adolph-Henselt-Society in alphabetic order by the authors.<\/p>\n<p>&nbsp;<\/p>\n<p>Davis, Richard Beattie:<br \/>\n<strong>Henselt, Balakirev and the Piano<\/strong><br \/>\nIn: The Music Review, London, Vol.28, No.3, August 1967, revised by Richard Beattie Davis 2007.<\/p>\n<p>Davis, Richard Beattie:<br \/>\n<strong>Adolph Henselt. Ein provisorisches Verzeichnis seiner Werke<\/strong><br \/>\nAusstellungskatalog, Schwabach 1989, mit Erg\u00e4nzungen 2004<\/p>\n<p>Davis, Richard Beattie:<br \/>\n<strong>`The Life` and Programme notes for `Ballade Op.31`<\/strong><br \/>\nFlorida Atlantic University 2000<\/p>\n<p>Davis, Richard Beattie:<br \/>\n<strong>Groves Encyclopedia of Music<\/strong> (2nd. edition)<br \/>\nMacmillan Pubishers Ltd. Volume 11,\u00a0 2001<\/p>\n<p>Davis, Richard Beattie:<br \/>\n<strong>Article published by &#8216;Edition IME&#8217;<br \/>\n<\/strong>Bonn 2002<\/p>\n<p>Davis, Richard Beattie:<br \/>\n<strong>`The Life` and Programme notes for `Trio Op.24`<\/strong><br \/>\nFlorida Atlantic University 2003<\/p>\n<p>Davis, Richard Beattie:<br \/>\n<strong>`International Piano Magazine` No. 24, Adolph von Henselt\u00a0 Bicentenial<br \/>\n<\/strong>\u00a0 Richard Beattie Davis. \u00a9\u00a0 2006 and Gillian Beattie Davis. \u00a9\u00a0 2013<\/p>\n<p>Davis, Richard Beattie:<br \/>\n<strong>`Musical Opinion Magazine`<\/strong><br \/>\nNos.150 and 151 Reprint of IME article\u00a0 2015<\/p>\n<p>Davis, Gillian Beattie:<br \/>\n<strong>Adolph von Henselt Historical Profile<\/strong><br \/>\nEuropean Piano Teachers Association Magazine `Piano Professional` No. 35<\/p>\n<p>&nbsp;<\/p>\n<p>Hoffmann, Stefan:<br \/>\n<strong>Adolph Henselt (1814 &#8211; 1889). Leben und Werk.<\/strong><br \/>\nExamensarbeit, Maschinenschrift W\u00fcrzburg 1992<\/p>\n<p>Hofmann, Stefan:<br \/>\n<strong>Adolph Henselt (1814 &#8211; 1889).<\/strong> In: Die Musik in Geschichte und Gegenwart. Personenteil 8. Kassel, Basel, London 1998<\/p>\n<p>Hofmann, Stefan:<br \/>\n<strong>Bemerkungen zu Henselts Kompositionsstil.<\/strong><br \/>\nEdition IME Bd. 14 \/Studioverlag Sinzig 2004<\/p>\n<p>Keil-Zenzerowa, Natalia:<br \/>\n<strong>Adolph von Henselt. Ein Leben f\u00fcr die Klavierp\u00e4dagogik in Ru\u00dfland.<\/strong><br \/>\nFrankfurt a. M. u. a. 2004.<br \/>\n(Europ\u00e4ische Hochschulschriften, Reihe XXXVI\/Musikwissenschaft, Bd. 249, Dissertation)<\/p>\n<p>Monography about Henselt and his influence of the Russian musical culture.<br \/>\n<span style=\"color: #0000ff;\"><a style=\"color: #0000ff;\" href=\"http:\/\/henselt-gesellschaft.de\/wp-content\/uploads\/2015\/02\/Keil_Zenzerova_Klavierpaedagogik.pdf\">Keil_Zenzerova_Klavierpaedagogik<\/a><\/span><\/p>\n<p>&nbsp;<\/p>\n<p>Kindl, Gebhard:<br \/>\n<strong>Adolph von Henselts Memoiren. \u201eMeine ersten Erinnerungen\u201c.<\/strong><br \/>\nSchwabach 2007.<br \/>\n(Schriftenreihe des Stadtmuseums Schwabach Bd. VII).<br \/>\n80 S. m. Abb.<br \/>\n<span style=\"color: #0000ff;\"><a style=\"color: #0000ff;\" href=\"http:\/\/henselt-gesellschaft.de\/wp-content\/uploads\/2015\/02\/Kindl_Memoiren.pdf\">Kindl_Memoiren<\/a><\/span><\/p>\n<p>Kindl, Gebhard:<br \/>\n<strong>Adolph von Henselts Briefe.<\/strong> Erstausgabe des im Henselt-Archiv des Stadtmuseums Schwabach gesammelten Briefwechsels von Adolph und Rosalie von Henselt.<br \/>\nTransliteriert von Gebhard und Ursula Kindl.<br \/>\nSchwabach 2010.<br \/>\n(Schriftenreihe des Stadtmuseums Schwabach Bd. VIII).<br \/>\n673 S. m. Abb.<\/p>\n<p>More than 300 &#8220;letters&#8221; from the &#8220;Henselt-archive&#8221;, transcripted by Gebhard und Ursula Kindl.<br \/>\n<span style=\"color: #0000ff;\"><a style=\"color: #0000ff;\" href=\"http:\/\/henselt-gesellschaft.de\/wp-content\/uploads\/2015\/02\/Kindl_Briefe.pdf\">Kindl_Briefe<\/a><\/span><\/p>\n<p>Kindl, Gebhard:<br \/>\n<strong>Adolph von Henselt (1814 \u2013 1889). Chronologie eines faszinierenden Lebens.<\/strong> Ein ehrendes Gedenken zum 200. Geburtstag und zum 125. Todestag des virtuosen Pianisten, poesievollen Komponisten und richtungsweisenden Klavierp\u00e4dagogen.<br \/>\nSchwabach 2014.<br \/>\n(Schriftenreihe des Stadtmuseums Schwabach Bd. X).<br \/>\n816 S. m. Abb.<\/p>\n<p>The life of Adolph von Henselt in detailled description and contemporary messages.<br \/>\n<span style=\"color: #0000ff;\"><a style=\"color: #0000ff;\" href=\"http:\/\/henselt-gesellschaft.de\/wp-content\/uploads\/2015\/02\/Kindl_Chronologie.pdf\">Kindl_Chronologie<\/a><\/span><\/p>\n<p>Kindl, Gebhard:<br \/>\n<strong>\u201eAdolph von Henselt Reiserouten \u2013 Ein Itinerar\u201c<\/strong><br \/>\nA reconstruction from Henselts itineraries<br \/>\n(Schiftenreihe des Schwabacher Stadtmuseums (<a href=\"mailto:stadtmuseum@schwabach.de\">stadtmuseum@schwabach.de<\/a>, 09122 8339-33), Band XI. Supported from the F\u00f6rderverein des Stadtmuseums, der B\u00fcrgerstiftung Schwabach und von Kindls Frau Ursula.<\/p>\n<p>Kindl, Gebhard:<br \/>\n<strong>Adolph von Henselt (1814 &#8211; 1889). Sch\u00fclerinnen und Sch\u00fcler. Widmungstr\u00e4gerinnen und Widmungstr\u00e4ger.<\/strong><br \/>\nSchwabach 2019 (Schriftenreihe des Stadtmuseums Schwabach Band XII).<br \/>\n144 S. m. Abb.<\/p>\n<p>Schiwietz, Lucian:<br \/>\n<strong>Henselt anekdotisch.<\/strong> Vortrag zum Henselt-Festival im Mai 2014 herausgegeben vom Geschichts- und Heimatverein der Stadt Schwabach mit Illustrationen von Sch\u00fclerinnen und Sch\u00fclern des Adam-Kraft-Gymnasiums unter der Leitung der Kunstp\u00e4dagogin Lisa Lang.<br \/>\nSchwabach 2014.<br \/>\n(Schwabacher Geschichtsbl\u00e4tter. Neue Folge Heft 8. Schwabach 2014. 28 S.)<br \/>\n<span style=\"color: #0000ff;\"><a style=\"color: #0000ff;\" href=\"http:\/\/henselt-gesellschaft.de\/wp-content\/uploads\/2015\/02\/Schiwietz_anekdotisch.pdf\">Schiwietz_anekdotisch<\/a><\/span><\/p>\n<p>Schiwietz, Lucian und Internationale Henselt-Gesellschaft (Hg.):<br \/>\n<strong>IME Konferenzbericht 2002<\/strong>: Adolph Henselt und der musikkulturelle Dialog zwischen dem westlichen und \u00f6stlichen Europa im 19. Jahrhundert. Konferenzbericht Schwabach 25. \u2013 27. Oktober 2002.<br \/>\n(Edition IME Reihe 1, Band 14. Sinzig 2004. Aufsatzsammlung.<br \/>\n<span style=\"color: #0000ff;\"><a style=\"color: #0000ff;\" href=\"http:\/\/henselt-gesellschaft.de\/wp-content\/uploads\/2015\/02\/IME_Konferenzbericht2002.pdf\">IME_Konferenzbericht 2002<\/a><\/span><\/p>\n<p>&nbsp;<\/p>\n<p>Stollberg, Oskar:<br \/>\n<strong>Henselt.<\/strong><br \/>\nIn: Fr. Blume Hg.), Die Musik in Geschichte und Gegenwart (MGG). Sonderdruck. Band 6. Kassel\/Basel London 1957.<\/p>\n<p>Stollberg, Oskar:<br \/>\n<strong> Schwabach in der Musikgeschichte. Adolf Henselt<\/strong>.<br \/>\nSonderdruck aus: 600 Jahre Stadt Schwabach 1371 &#8211; 1971, Schwabach 1971.<\/p>\n<p>Stollberg, Oskar:<br \/>\n<strong> Schwabacher Charakterk\u00f6pfe in der Musikgeschichte des 19. Jhd.<br \/>\n<\/strong>Adolph von Henselt, S. 57 \u2013 62.\u00a0 Schwabach 1951.<div class=\"fusion-clearfix\"><\/div><\/div><\/div><\/div><\/div>\n","protected":false},"excerpt":{"rendered":"","protected":false},"author":1,"featured_media":0,"parent":11396,"menu_order":3,"comment_status":"closed","ping_status":"closed","template":"","meta":{"footnotes":""},"class_list":["post-11438","page","type-page","status-publish","hentry"],"_links":{"self":[{"href":"https:\/\/henselt-gesellschaft.de\/en\/wp-json\/wp\/v2\/pages\/11438","targetHints":{"allow":["GET"]}}],"collection":[{"href":"https:\/\/henselt-gesellschaft.de\/en\/wp-json\/wp\/v2\/pages"}],"about":[{"href":"https:\/\/henselt-gesellschaft.de\/en\/wp-json\/wp\/v2\/types\/page"}],"author":[{"embeddable":true,"href":"https:\/\/henselt-gesellschaft.de\/en\/wp-json\/wp\/v2\/users\/1"}],"replies":[{"embeddable":true,"href":"https:\/\/henselt-gesellschaft.de\/en\/wp-json\/wp\/v2\/comments?post=11438"}],"version-history":[{"count":12,"href":"https:\/\/henselt-gesellschaft.de\/en\/wp-json\/wp\/v2\/pages\/11438\/revisions"}],"predecessor-version":[{"id":12505,"href":"https:\/\/henselt-gesellschaft.de\/en\/wp-json\/wp\/v2\/pages\/11438\/revisions\/12505"}],"up":[{"embeddable":true,"href":"https:\/\/henselt-gesellschaft.de\/en\/wp-json\/wp\/v2\/pages\/11396"}],"wp:attachment":[{"href":"https:\/\/henselt-gesellschaft.de\/en\/wp-json\/wp\/v2\/media?parent=11438"}],"curies":[{"name":"wp","href":"https:\/\/api.w.org\/{rel}","templated":true}]}}